{"id":6252,"date":"2023-11-20T13:13:55","date_gmt":"2023-11-20T13:13:55","guid":{"rendered":"https:\/\/cloudsecurity.cisco.com\/?page_id=6252"},"modified":"2023-11-20T19:04:05","modified_gmt":"2023-11-20T19:04:05","slug":"1212-ciso-dinner-champs-elysees","status":"publish","type":"page","link":"https:\/\/cloudsecurity.cisco.com\/fr\/1212-ciso-dinner-champs-elysees","title":{"rendered":"1212-CISO-Dinner-Champs-Elysees-Thankyou"},"content":{"rendered":"\n<div style=\"height:60px\" aria-hidden=\"true\" class=\"wp-block-spacer\"><\/div>\n\n\n<div class=\"wp-block-image\">\n<figure class=\"aligncenter size-large\"><img loading=\"lazy\" decoding=\"async\" width=\"90\" height=\"91\" src=\"https:\/\/cloudsecurity.cisco.com\/wp-content\/uploads\/2021\/12\/thumbs-up.svg\" alt=\"Thumbs up icon\" class=\"wp-image-60\"\/><\/figure>\n<\/div>\n\n\n<h2 class=\"wp-block-heading has-text-align-center\">Merci de vous \u00eatre abonn\u00e9e au d\u00eener ex\u00e9cutif au Loft Triangle D\u2019Or<\/h2>\n\n\n\n<div style=\"height:161px\" aria-hidden=\"true\" class=\"wp-block-spacer\"><\/div>\n","protected":false},"excerpt":{"rendered":"<p>Merci de vous \u00eatre abonn\u00e9e au d\u00eener ex\u00e9cutif au Loft Triangle D\u2019Or<\/p>\n","protected":false},"author":14,"featured_media":0,"parent":0,"menu_order":0,"comment_status":"closed","ping_status":"closed","template":"templates\/page-thankyou.php","meta":{"_acf_changed":false,"_genesis_hide_title":false,"_genesis_hide_breadcrumbs":false,"_genesis_hide_singular_image":false,"_genesis_hide_footer_widgets":false,"_genesis_custom_body_class":"","_genesis_custom_post_class":"","_genesis_layout":"","footnotes":""},"class_list":{"0":"post-6252","1":"page","2":"type-page","3":"status-publish","5":"entry"},"acf":[],"yoast_head":"<!-- This site is optimized with the Yoast SEO plugin v27.3 - https:\/\/yoast.com\/product\/yoast-seo-wordpress\/ -->\n<title>Thank you for registering - Cisco Cloud Security<\/title>\n<meta name=\"description\" content=\"Your form has been submitted.\" \/>\n<meta name=\"robots\" content=\"noindex, follow, max-snippet:-1, max-image-preview:large, max-video-preview:-1\" \/>\n<meta property=\"og:locale\" content=\"fr_FR\" \/>\n<meta property=\"og:type\" content=\"article\" \/>\n<meta property=\"og:title\" content=\"Thank you for registering - Cisco Cloud Security\" \/>\n<meta property=\"og:description\" content=\"Your form has been submitted.\" \/>\n<meta property=\"og:url\" content=\"https:\/\/cloudsecurity.cisco.com\/fr\/1212-ciso-dinner-champs-elysees\" \/>\n<meta property=\"og:site_name\" content=\"Cisco Cloud Security\" \/>\n<meta property=\"article:modified_time\" content=\"2023-11-20T19:04:05+00:00\" \/>\n<meta property=\"og:image\" content=\"https:\/\/cloudsecurity.cisco.com\/wp-content\/uploads\/2021\/12\/thumbs-up.svg\" \/>\n<meta name=\"twitter:card\" content=\"summary_large_image\" \/>\n<script type=\"application\/ld+json\" class=\"yoast-schema-graph\">{\"@context\":\"https:\\\/\\\/schema.org\",\"@graph\":[{\"@type\":\"WebPage\",\"@id\":\"https:\\\/\\\/cloudsecurity.cisco.com\\\/fr\\\/1212-ciso-dinner-champs-elysees\",\"url\":\"https:\\\/\\\/cloudsecurity.cisco.com\\\/fr\\\/1212-ciso-dinner-champs-elysees\",\"name\":\"Thank you for registering - Cisco Cloud Security\",\"isPartOf\":{\"@id\":\"https:\\\/\\\/cloudsecurity.cisco.com\\\/fr#website\"},\"primaryImageOfPage\":{\"@id\":\"https:\\\/\\\/cloudsecurity.cisco.com\\\/fr\\\/1212-ciso-dinner-champs-elysees#primaryimage\"},\"image\":{\"@id\":\"https:\\\/\\\/cloudsecurity.cisco.com\\\/fr\\\/1212-ciso-dinner-champs-elysees#primaryimage\"},\"thumbnailUrl\":\"https:\\\/\\\/cloudsecurity.cisco.com\\\/wp-content\\\/uploads\\\/2021\\\/12\\\/thumbs-up.svg\",\"datePublished\":\"2023-11-20T13:13:55+00:00\",\"dateModified\":\"2023-11-20T19:04:05+00:00\",\"description\":\"Your form has been submitted.\",\"breadcrumb\":{\"@id\":\"https:\\\/\\\/cloudsecurity.cisco.com\\\/fr\\\/1212-ciso-dinner-champs-elysees#breadcrumb\"},\"inLanguage\":\"fr-FR\",\"potentialAction\":[{\"@type\":\"ReadAction\",\"target\":[\"https:\\\/\\\/cloudsecurity.cisco.com\\\/fr\\\/1212-ciso-dinner-champs-elysees\"]}]},{\"@type\":\"ImageObject\",\"inLanguage\":\"fr-FR\",\"@id\":\"https:\\\/\\\/cloudsecurity.cisco.com\\\/fr\\\/1212-ciso-dinner-champs-elysees#primaryimage\",\"url\":\"https:\\\/\\\/cloudsecurity.cisco.com\\\/wp-content\\\/uploads\\\/2021\\\/12\\\/thumbs-up.svg\",\"contentUrl\":\"https:\\\/\\\/cloudsecurity.cisco.com\\\/wp-content\\\/uploads\\\/2021\\\/12\\\/thumbs-up.svg\"},{\"@type\":\"BreadcrumbList\",\"@id\":\"https:\\\/\\\/cloudsecurity.cisco.com\\\/fr\\\/1212-ciso-dinner-champs-elysees#breadcrumb\",\"itemListElement\":[{\"@type\":\"ListItem\",\"position\":1,\"name\":\"Home\",\"item\":\"https:\\\/\\\/cloudsecurity.cisco.com\\\/fr\"},{\"@type\":\"ListItem\",\"position\":2,\"name\":\"1212-CISO-Dinner-Champs-Elysees-Thankyou\"}]},{\"@type\":\"WebSite\",\"@id\":\"https:\\\/\\\/cloudsecurity.cisco.com\\\/fr#website\",\"url\":\"https:\\\/\\\/cloudsecurity.cisco.com\\\/fr\",\"name\":\"Cisco Cloud Security\",\"description\":\"\",\"potentialAction\":[{\"@type\":\"SearchAction\",\"target\":{\"@type\":\"EntryPoint\",\"urlTemplate\":\"https:\\\/\\\/cloudsecurity.cisco.com\\\/fr?s={search_term_string}\"},\"query-input\":{\"@type\":\"PropertyValueSpecification\",\"valueRequired\":true,\"valueName\":\"search_term_string\"}}],\"inLanguage\":\"fr-FR\"}]}<\/script>\n<!-- \/ Yoast SEO plugin. -->","yoast_head_json":{"title":"Thank you for registering - Cisco Cloud Security","description":"Your form has been submitted.","robots":{"index":"noindex","follow":"follow","max-snippet":"max-snippet:-1","max-image-preview":"max-image-preview:large","max-video-preview":"max-video-preview:-1"},"og_locale":"fr_FR","og_type":"article","og_title":"Thank you for registering - Cisco Cloud Security","og_description":"Your form has been submitted.","og_url":"https:\/\/cloudsecurity.cisco.com\/fr\/1212-ciso-dinner-champs-elysees","og_site_name":"Cisco Cloud Security","article_modified_time":"2023-11-20T19:04:05+00:00","og_image":[{"url":"https:\/\/cloudsecurity.cisco.com\/wp-content\/uploads\/2021\/12\/thumbs-up.svg","type":"","width":"","height":""}],"twitter_card":"summary_large_image","schema":{"@context":"https:\/\/schema.org","@graph":[{"@type":"WebPage","@id":"https:\/\/cloudsecurity.cisco.com\/fr\/1212-ciso-dinner-champs-elysees","url":"https:\/\/cloudsecurity.cisco.com\/fr\/1212-ciso-dinner-champs-elysees","name":"Thank you for registering - Cisco Cloud Security","isPartOf":{"@id":"https:\/\/cloudsecurity.cisco.com\/fr#website"},"primaryImageOfPage":{"@id":"https:\/\/cloudsecurity.cisco.com\/fr\/1212-ciso-dinner-champs-elysees#primaryimage"},"image":{"@id":"https:\/\/cloudsecurity.cisco.com\/fr\/1212-ciso-dinner-champs-elysees#primaryimage"},"thumbnailUrl":"https:\/\/cloudsecurity.cisco.com\/wp-content\/uploads\/2021\/12\/thumbs-up.svg","datePublished":"2023-11-20T13:13:55+00:00","dateModified":"2023-11-20T19:04:05+00:00","description":"Your form has been submitted.","breadcrumb":{"@id":"https:\/\/cloudsecurity.cisco.com\/fr\/1212-ciso-dinner-champs-elysees#breadcrumb"},"inLanguage":"fr-FR","potentialAction":[{"@type":"ReadAction","target":["https:\/\/cloudsecurity.cisco.com\/fr\/1212-ciso-dinner-champs-elysees"]}]},{"@type":"ImageObject","inLanguage":"fr-FR","@id":"https:\/\/cloudsecurity.cisco.com\/fr\/1212-ciso-dinner-champs-elysees#primaryimage","url":"https:\/\/cloudsecurity.cisco.com\/wp-content\/uploads\/2021\/12\/thumbs-up.svg","contentUrl":"https:\/\/cloudsecurity.cisco.com\/wp-content\/uploads\/2021\/12\/thumbs-up.svg"},{"@type":"BreadcrumbList","@id":"https:\/\/cloudsecurity.cisco.com\/fr\/1212-ciso-dinner-champs-elysees#breadcrumb","itemListElement":[{"@type":"ListItem","position":1,"name":"Home","item":"https:\/\/cloudsecurity.cisco.com\/fr"},{"@type":"ListItem","position":2,"name":"1212-CISO-Dinner-Champs-Elysees-Thankyou"}]},{"@type":"WebSite","@id":"https:\/\/cloudsecurity.cisco.com\/fr#website","url":"https:\/\/cloudsecurity.cisco.com\/fr","name":"Cisco Cloud Security","description":"","potentialAction":[{"@type":"SearchAction","target":{"@type":"EntryPoint","urlTemplate":"https:\/\/cloudsecurity.cisco.com\/fr?s={search_term_string}"},"query-input":{"@type":"PropertyValueSpecification","valueRequired":true,"valueName":"search_term_string"}}],"inLanguage":"fr-FR"}]}},"_links":{"self":[{"href":"https:\/\/cloudsecurity.cisco.com\/fr\/wp-json\/wp\/v2\/pages\/6252","targetHints":{"allow":["GET"]}}],"collection":[{"href":"https:\/\/cloudsecurity.cisco.com\/fr\/wp-json\/wp\/v2\/pages"}],"about":[{"href":"https:\/\/cloudsecurity.cisco.com\/fr\/wp-json\/wp\/v2\/types\/page"}],"author":[{"embeddable":true,"href":"https:\/\/cloudsecurity.cisco.com\/fr\/wp-json\/wp\/v2\/users\/14"}],"replies":[{"embeddable":true,"href":"https:\/\/cloudsecurity.cisco.com\/fr\/wp-json\/wp\/v2\/comments?post=6252"}],"version-history":[{"count":0,"href":"https:\/\/cloudsecurity.cisco.com\/fr\/wp-json\/wp\/v2\/pages\/6252\/revisions"}],"wp:attachment":[{"href":"https:\/\/cloudsecurity.cisco.com\/fr\/wp-json\/wp\/v2\/media?parent=6252"}],"curies":[{"name":"wp","href":"https:\/\/api.w.org\/{rel}","templated":true}]}}