{"id":6107,"date":"2023-11-16T20:21:27","date_gmt":"2023-11-16T20:21:27","guid":{"rendered":"https:\/\/cloudsecurity.cisco.com\/?page_id=6107"},"modified":"2023-12-07T11:48:17","modified_gmt":"2023-12-07T11:48:17","slug":"1212-event-entertainment-ciso-dinner-champs-elysees","status":"publish","type":"page","link":"https:\/\/cloudsecurity.cisco.com\/fr\/1212-event-entertainment-ciso-dinner-champs-elysees","title":{"rendered":"1212-Event-Entertainment-CISO-Dinner-Champs-Elysees"},"content":{"rendered":"\n<figure class=\"wp-block-gallery alignwide has-nested-images columns-default is-cropped wp-block-gallery-1 is-layout-flex wp-block-gallery-is-layout-flex\">\n<figure class=\"wp-block-image size-full\"><img loading=\"lazy\" decoding=\"async\" width=\"1600\" height=\"420\" data-id=\"6304\" src=\"https:\/\/cloudsecurity.cisco.com\/wp-content\/uploads\/2023\/11\/1239441921-CISO-French-Event-Invite-frames-reduced1-7.gif\" alt=\"1212 Cisco dinner \" class=\"wp-image-6304\"\/><\/figure>\n<\/figure>\n\n\n\n<style>\n\t#double-column-block_8db0c10137e78321eefea128acb1ff51 > .block-wrap{padding-bottom:50px;}#double-column-block_8db0c10137e78321eefea128acb1ff51{background-color:#fff;}#double-column-block_8db0c10137e78321eefea128acb1ff51,#double-column-block_8db0c10137e78321eefea128acb1ff51 p:not(.req-fields),#double-column-block_8db0c10137e78321eefea128acb1ff51 .h1,#double-column-block_8db0c10137e78321eefea128acb1ff51 .h2,#double-column-block_8db0c10137e78321eefea128acb1ff51 .h3,#double-column-block_8db0c10137e78321eefea128acb1ff51 .h4,#double-column-block_8db0c10137e78321eefea128acb1ff51 .h5,#double-column-block_8db0c10137e78321eefea128acb1ff51 .h6{color:#333;}#double-column-block_8db0c10137e78321eefea128acb1ff51 a:not(.button){color:#007493;}@media only screen and (max-width:760px){#double-column-block_8db0c10137e78321eefea128acb1ff51 .image-area.bg-image{padding-bottom:56.25%;}}@media only screen and (min-width:761px){#double-column-block_8db0c10137e78321eefea128acb1ff51 > .block-wrap{padding-bottom:0px;}#double-column-block_8db0c10137e78321eefea128acb1ff51 .text-area{padding-bottom:80px;}#double-column-block_8db0c10137e78321eefea128acb1ff51 .image-area{padding-bottom:80px;}#double-column-block_8db0c10137e78321eefea128acb1ff51 .form-area{padding-bottom:80px;}#double-column-block_8db0c10137e78321eefea128acb1ff51 .text-area{justify-content:flex-start;}}<\/style>\n\n<div id=\"double-column-block_8db0c10137e78321eefea128acb1ff51\" class=\"double-column alignwide\">\n\t<div class=\"block-wrap\">\n\n\t\t<div class=\"text-area one-half first\">\n\n\t\n\t<p>&nbsp;<\/p>\n<p>Si vous avez des questions ou si vous ne pouvez plus \u00eatre pr\u00e9sent, veuillez contacter<\/p>\n<p>Sarah Stephens: <strong>sarsteph@cisco.com<\/strong> ou Fayce Mouhieddine : <strong>fmouhied@cisco.com<\/strong><\/p>\n\n\t\n\t\n\t\n<\/div>\n<div class=\"text-area one-half second\">\n\n\t\n\t<h3><\/h3>\n<h4><\/h4>\n<h3><\/h3>\n<h3><\/h3>\n<h3 style=\"text-align: center;\"><strong>Les inscriptions pour cet \u00e9v\u00e9nement sont ferm\u00e9es<\/strong><br \/>\n<strong>\u00ab\u00a0Merci\u00a0\u00bb<\/strong><\/h3>\n\n\t\n\t\n\t\n<\/div>\n\n\t<\/div>\n\n<\/div>\n","protected":false},"excerpt":{"rendered":"","protected":false},"author":14,"featured_media":0,"parent":0,"menu_order":0,"comment_status":"closed","ping_status":"closed","template":"","meta":{"_acf_changed":false,"_genesis_hide_title":false,"_genesis_hide_breadcrumbs":false,"_genesis_hide_singular_image":false,"_genesis_hide_footer_widgets":false,"_genesis_custom_body_class":"","_genesis_custom_post_class":"","_genesis_layout":"","footnotes":""},"class_list":{"0":"post-6107","1":"page","2":"type-page","3":"status-publish","5":"entry"},"acf":[],"yoast_head":"<!-- This site is optimized with the Yoast SEO plugin v27.4 - https:\/\/yoast.com\/product\/yoast-seo-wordpress\/ -->\n<title>1212-Event-Entertainment-CISO-Dinner-Champs-Elysees - Cisco Cloud Security<\/title>\n<meta name=\"robots\" content=\"noindex, follow, max-snippet:-1, max-image-preview:large, max-video-preview:-1\" \/>\n<meta property=\"og:locale\" content=\"fr_FR\" \/>\n<meta property=\"og:type\" content=\"article\" \/>\n<meta property=\"og:title\" content=\"1212-Event-Entertainment-CISO-Dinner-Champs-Elysees - Cisco Cloud Security\" \/>\n<meta property=\"og:url\" content=\"https:\/\/cloudsecurity.cisco.com\/fr\/1212-event-entertainment-ciso-dinner-champs-elysees\" \/>\n<meta property=\"og:site_name\" content=\"Cisco Cloud Security\" \/>\n<meta property=\"article:modified_time\" content=\"2023-12-07T11:48:17+00:00\" \/>\n<meta property=\"og:image\" content=\"https:\/\/cloudsecurity.cisco.com\/wp-content\/uploads\/2023\/11\/1239441921-CISO-French-Event-Invite-frames-reduced1-7.gif\" \/>\n<meta name=\"twitter:card\" content=\"summary_large_image\" \/>\n<script type=\"application\/ld+json\" class=\"yoast-schema-graph\">{\"@context\":\"https:\\\/\\\/schema.org\",\"@graph\":[{\"@type\":\"WebPage\",\"@id\":\"https:\\\/\\\/cloudsecurity.cisco.com\\\/fr\\\/1212-event-entertainment-ciso-dinner-champs-elysees\",\"url\":\"https:\\\/\\\/cloudsecurity.cisco.com\\\/fr\\\/1212-event-entertainment-ciso-dinner-champs-elysees\",\"name\":\"1212-Event-Entertainment-CISO-Dinner-Champs-Elysees - Cisco Cloud Security\",\"isPartOf\":{\"@id\":\"https:\\\/\\\/cloudsecurity.cisco.com\\\/fr#website\"},\"primaryImageOfPage\":{\"@id\":\"https:\\\/\\\/cloudsecurity.cisco.com\\\/fr\\\/1212-event-entertainment-ciso-dinner-champs-elysees#primaryimage\"},\"image\":{\"@id\":\"https:\\\/\\\/cloudsecurity.cisco.com\\\/fr\\\/1212-event-entertainment-ciso-dinner-champs-elysees#primaryimage\"},\"thumbnailUrl\":\"https:\\\/\\\/cloudsecurity.cisco.com\\\/wp-content\\\/uploads\\\/2023\\\/11\\\/1239441921-CISO-French-Event-Invite-frames-reduced1-7.gif\",\"datePublished\":\"2023-11-16T20:21:27+00:00\",\"dateModified\":\"2023-12-07T11:48:17+00:00\",\"breadcrumb\":{\"@id\":\"https:\\\/\\\/cloudsecurity.cisco.com\\\/fr\\\/1212-event-entertainment-ciso-dinner-champs-elysees#breadcrumb\"},\"inLanguage\":\"fr-FR\",\"potentialAction\":[{\"@type\":\"ReadAction\",\"target\":[\"https:\\\/\\\/cloudsecurity.cisco.com\\\/fr\\\/1212-event-entertainment-ciso-dinner-champs-elysees\"]}]},{\"@type\":\"ImageObject\",\"inLanguage\":\"fr-FR\",\"@id\":\"https:\\\/\\\/cloudsecurity.cisco.com\\\/fr\\\/1212-event-entertainment-ciso-dinner-champs-elysees#primaryimage\",\"url\":\"https:\\\/\\\/cloudsecurity.cisco.com\\\/wp-content\\\/uploads\\\/2023\\\/11\\\/1239441921-CISO-French-Event-Invite-frames-reduced1-7.gif\",\"contentUrl\":\"https:\\\/\\\/cloudsecurity.cisco.com\\\/wp-content\\\/uploads\\\/2023\\\/11\\\/1239441921-CISO-French-Event-Invite-frames-reduced1-7.gif\"},{\"@type\":\"BreadcrumbList\",\"@id\":\"https:\\\/\\\/cloudsecurity.cisco.com\\\/fr\\\/1212-event-entertainment-ciso-dinner-champs-elysees#breadcrumb\",\"itemListElement\":[{\"@type\":\"ListItem\",\"position\":1,\"name\":\"Home\",\"item\":\"https:\\\/\\\/cloudsecurity.cisco.com\\\/fr\"},{\"@type\":\"ListItem\",\"position\":2,\"name\":\"1212-Event-Entertainment-CISO-Dinner-Champs-Elysees\"}]},{\"@type\":\"WebSite\",\"@id\":\"https:\\\/\\\/cloudsecurity.cisco.com\\\/fr#website\",\"url\":\"https:\\\/\\\/cloudsecurity.cisco.com\\\/fr\",\"name\":\"Cisco Cloud Security\",\"description\":\"\",\"potentialAction\":[{\"@type\":\"SearchAction\",\"target\":{\"@type\":\"EntryPoint\",\"urlTemplate\":\"https:\\\/\\\/cloudsecurity.cisco.com\\\/fr?s={search_term_string}\"},\"query-input\":{\"@type\":\"PropertyValueSpecification\",\"valueRequired\":true,\"valueName\":\"search_term_string\"}}],\"inLanguage\":\"fr-FR\"}]}<\/script>\n<!-- \/ Yoast SEO plugin. -->","yoast_head_json":{"title":"1212-Event-Entertainment-CISO-Dinner-Champs-Elysees - Cisco Cloud Security","robots":{"index":"noindex","follow":"follow","max-snippet":"max-snippet:-1","max-image-preview":"max-image-preview:large","max-video-preview":"max-video-preview:-1"},"og_locale":"fr_FR","og_type":"article","og_title":"1212-Event-Entertainment-CISO-Dinner-Champs-Elysees - Cisco Cloud Security","og_url":"https:\/\/cloudsecurity.cisco.com\/fr\/1212-event-entertainment-ciso-dinner-champs-elysees","og_site_name":"Cisco Cloud Security","article_modified_time":"2023-12-07T11:48:17+00:00","og_image":[{"url":"https:\/\/cloudsecurity.cisco.com\/wp-content\/uploads\/2023\/11\/1239441921-CISO-French-Event-Invite-frames-reduced1-7.gif","type":"","width":"","height":""}],"twitter_card":"summary_large_image","schema":{"@context":"https:\/\/schema.org","@graph":[{"@type":"WebPage","@id":"https:\/\/cloudsecurity.cisco.com\/fr\/1212-event-entertainment-ciso-dinner-champs-elysees","url":"https:\/\/cloudsecurity.cisco.com\/fr\/1212-event-entertainment-ciso-dinner-champs-elysees","name":"1212-Event-Entertainment-CISO-Dinner-Champs-Elysees - Cisco Cloud Security","isPartOf":{"@id":"https:\/\/cloudsecurity.cisco.com\/fr#website"},"primaryImageOfPage":{"@id":"https:\/\/cloudsecurity.cisco.com\/fr\/1212-event-entertainment-ciso-dinner-champs-elysees#primaryimage"},"image":{"@id":"https:\/\/cloudsecurity.cisco.com\/fr\/1212-event-entertainment-ciso-dinner-champs-elysees#primaryimage"},"thumbnailUrl":"https:\/\/cloudsecurity.cisco.com\/wp-content\/uploads\/2023\/11\/1239441921-CISO-French-Event-Invite-frames-reduced1-7.gif","datePublished":"2023-11-16T20:21:27+00:00","dateModified":"2023-12-07T11:48:17+00:00","breadcrumb":{"@id":"https:\/\/cloudsecurity.cisco.com\/fr\/1212-event-entertainment-ciso-dinner-champs-elysees#breadcrumb"},"inLanguage":"fr-FR","potentialAction":[{"@type":"ReadAction","target":["https:\/\/cloudsecurity.cisco.com\/fr\/1212-event-entertainment-ciso-dinner-champs-elysees"]}]},{"@type":"ImageObject","inLanguage":"fr-FR","@id":"https:\/\/cloudsecurity.cisco.com\/fr\/1212-event-entertainment-ciso-dinner-champs-elysees#primaryimage","url":"https:\/\/cloudsecurity.cisco.com\/wp-content\/uploads\/2023\/11\/1239441921-CISO-French-Event-Invite-frames-reduced1-7.gif","contentUrl":"https:\/\/cloudsecurity.cisco.com\/wp-content\/uploads\/2023\/11\/1239441921-CISO-French-Event-Invite-frames-reduced1-7.gif"},{"@type":"BreadcrumbList","@id":"https:\/\/cloudsecurity.cisco.com\/fr\/1212-event-entertainment-ciso-dinner-champs-elysees#breadcrumb","itemListElement":[{"@type":"ListItem","position":1,"name":"Home","item":"https:\/\/cloudsecurity.cisco.com\/fr"},{"@type":"ListItem","position":2,"name":"1212-Event-Entertainment-CISO-Dinner-Champs-Elysees"}]},{"@type":"WebSite","@id":"https:\/\/cloudsecurity.cisco.com\/fr#website","url":"https:\/\/cloudsecurity.cisco.com\/fr","name":"Cisco Cloud Security","description":"","potentialAction":[{"@type":"SearchAction","target":{"@type":"EntryPoint","urlTemplate":"https:\/\/cloudsecurity.cisco.com\/fr?s={search_term_string}"},"query-input":{"@type":"PropertyValueSpecification","valueRequired":true,"valueName":"search_term_string"}}],"inLanguage":"fr-FR"}]}},"_links":{"self":[{"href":"https:\/\/cloudsecurity.cisco.com\/fr\/wp-json\/wp\/v2\/pages\/6107","targetHints":{"allow":["GET"]}}],"collection":[{"href":"https:\/\/cloudsecurity.cisco.com\/fr\/wp-json\/wp\/v2\/pages"}],"about":[{"href":"https:\/\/cloudsecurity.cisco.com\/fr\/wp-json\/wp\/v2\/types\/page"}],"author":[{"embeddable":true,"href":"https:\/\/cloudsecurity.cisco.com\/fr\/wp-json\/wp\/v2\/users\/14"}],"replies":[{"embeddable":true,"href":"https:\/\/cloudsecurity.cisco.com\/fr\/wp-json\/wp\/v2\/comments?post=6107"}],"version-history":[{"count":0,"href":"https:\/\/cloudsecurity.cisco.com\/fr\/wp-json\/wp\/v2\/pages\/6107\/revisions"}],"wp:attachment":[{"href":"https:\/\/cloudsecurity.cisco.com\/fr\/wp-json\/wp\/v2\/media?parent=6107"}],"curies":[{"name":"wp","href":"https:\/\/api.w.org\/{rel}","templated":true}]}}