{"id":4403,"date":"2023-06-09T19:05:16","date_gmt":"2023-06-09T19:05:16","guid":{"rendered":"https:\/\/cloudsecurity.cisco.com\/?page_id=4403"},"modified":"2023-06-09T21:23:32","modified_gmt":"2023-06-09T21:23:32","slug":"echangez-avec-nos-experts-en-securite-a-propos-de-cisco-xdr-ty","status":"publish","type":"page","link":"https:\/\/cloudsecurity.cisco.com\/fr-ca\/echangez-avec-nos-experts-en-securite-a-propos-de-cisco-xdr-ty","title":{"rendered":"\u00c9changez avec nos experts en s\u00e9curit\u00e9 \u00e0 propos de Cisco\u202fXDR-ty"},"content":{"rendered":"\n<figure class=\"wp-block-image alignwide size-full\"><img loading=\"lazy\" decoding=\"async\" width=\"1600\" height=\"256\" src=\"https:\/\/cloudsecurity.cisco.com\/wp-content\/uploads\/2023\/06\/bofu-fr-xdr.jpg\" alt=\"\u00c9changez avec nos experts en s\u00e9curit\u00e9 \u00e0 propos de Cisco\u202fXDR \" class=\"wp-image-4393\" srcset=\"https:\/\/cloudsecurity.cisco.com\/wp-content\/uploads\/2023\/06\/bofu-fr-xdr.jpg 1600w, https:\/\/cloudsecurity.cisco.com\/wp-content\/uploads\/2023\/06\/bofu-fr-xdr-300x48.jpg 300w, https:\/\/cloudsecurity.cisco.com\/wp-content\/uploads\/2023\/06\/bofu-fr-xdr-1024x164.jpg 1024w, https:\/\/cloudsecurity.cisco.com\/wp-content\/uploads\/2023\/06\/bofu-fr-xdr-768x123.jpg 768w, https:\/\/cloudsecurity.cisco.com\/wp-content\/uploads\/2023\/06\/bofu-fr-xdr-1536x246.jpg 1536w, https:\/\/cloudsecurity.cisco.com\/wp-content\/uploads\/2023\/06\/bofu-fr-xdr-1140x182.jpg 1140w, https:\/\/cloudsecurity.cisco.com\/wp-content\/uploads\/2023\/06\/bofu-fr-xdr-1520x243.jpg 1520w, https:\/\/cloudsecurity.cisco.com\/wp-content\/uploads\/2023\/06\/bofu-fr-xdr-200x32.jpg 200w, https:\/\/cloudsecurity.cisco.com\/wp-content\/uploads\/2023\/06\/bofu-fr-xdr-400x64.jpg 400w\" sizes=\"auto, (max-width: 1600px) 100vw, 1600px\" \/><\/figure>\n\n\n\n<style>\n\t#double-column-block_847d0e52061db3bdc43c0b47459e302d > .block-wrap{padding-bottom:50px;}#double-column-block_847d0e52061db3bdc43c0b47459e302d > .block-wrap{padding-top:50px;}#double-column-block_847d0e52061db3bdc43c0b47459e302d{background-color:#fff;}#double-column-block_847d0e52061db3bdc43c0b47459e302d,#double-column-block_847d0e52061db3bdc43c0b47459e302d p:not(.req-fields),#double-column-block_847d0e52061db3bdc43c0b47459e302d .h1,#double-column-block_847d0e52061db3bdc43c0b47459e302d .h2,#double-column-block_847d0e52061db3bdc43c0b47459e302d .h3,#double-column-block_847d0e52061db3bdc43c0b47459e302d .h4,#double-column-block_847d0e52061db3bdc43c0b47459e302d .h5,#double-column-block_847d0e52061db3bdc43c0b47459e302d .h6{color:#333;}#double-column-block_847d0e52061db3bdc43c0b47459e302d a:not(.button){color:#007493;}@media only screen and (max-width:760px){#double-column-block_847d0e52061db3bdc43c0b47459e302d .image-area.bg-image{padding-bottom:56.25%;}#double-column-block_847d0e52061db3bdc43c0b47459e302d .image-area.first.bg-image,#double-column-block_847d0e52061db3bdc43c0b47459e302d.swap .image-area.second.bg-image{margin-bottom:50px;}#double-column-block_847d0e52061db3bdc43c0b47459e302d .image-area.bg-image.first,#double-column-block_847d0e52061db3bdc43c0b47459e302d.swap .image-area.bg-image.second{margin-top:-50px;}}@media only screen and (min-width:761px){#double-column-block_847d0e52061db3bdc43c0b47459e302d > .block-wrap{padding-bottom:0px;}#double-column-block_847d0e52061db3bdc43c0b47459e302d .text-area{padding-bottom:80px;}#double-column-block_847d0e52061db3bdc43c0b47459e302d .image-area{padding-bottom:80px;}#double-column-block_847d0e52061db3bdc43c0b47459e302d .form-area{padding-bottom:80px;}#double-column-block_847d0e52061db3bdc43c0b47459e302d > .block-wrap{padding-top:0;}#double-column-block_847d0e52061db3bdc43c0b47459e302d .text-area{padding-top:80px;}#double-column-block_847d0e52061db3bdc43c0b47459e302d .image-area{padding-top:80px;}#double-column-block_847d0e52061db3bdc43c0b47459e302d .form-area{padding-top:80px;}#double-column-block_847d0e52061db3bdc43c0b47459e302d .text-area{justify-content:center;}}<\/style>\n\n<div id=\"double-column-block_847d0e52061db3bdc43c0b47459e302d\" class=\"double-column alignwide\">\n\t<div class=\"block-wrap\">\n\n\t\t<div class=\"text-area three-fourths first\">\n\n\t\t\t<h2 class=\"area-title h2\">Simplifiez vos op\u00e9rations de s\u00e9curit\u00e9<\/h2>\n\t\n\t<h4>Merci de votre int\u00e9r\u00eat, un membre de l&rsquo;\u00e9quipe vous contactera prochainement.<\/h4>\n\n\t\n\t\n\t\n<\/div>\n\n<div class=\"image-area one-fourth second\" >\n\n\t\t\t<div class=\"block-wrap\">\n\t\n\t\n\t\n\t\n\t\t\t<\/div>\n\t\n<\/div>\n\n\t<\/div>\n\n<\/div>\n","protected":false},"excerpt":{"rendered":"","protected":false},"author":3,"featured_media":0,"parent":0,"menu_order":0,"comment_status":"closed","ping_status":"closed","template":"","meta":{"_acf_changed":false,"_genesis_hide_title":false,"_genesis_hide_breadcrumbs":false,"_genesis_hide_singular_image":false,"_genesis_hide_footer_widgets":false,"_genesis_custom_body_class":"","_genesis_custom_post_class":"","_genesis_layout":"","footnotes":""},"class_list":{"0":"post-4403","1":"page","2":"type-page","3":"status-publish","5":"entry"},"acf":[],"yoast_head":"<!-- This site is optimized with the Yoast SEO plugin v27.4 - https:\/\/yoast.com\/product\/yoast-seo-wordpress\/ -->\n<title>\u00c9changez avec nos experts en s\u00e9curit\u00e9 \u00e0 propos de Cisco\u202fXDR-ty - Cisco Cloud Security<\/title>\n<meta name=\"robots\" content=\"noindex, follow, max-snippet:-1, max-image-preview:large, max-video-preview:-1\" \/>\n<meta property=\"og:locale\" content=\"fr_CA\" \/>\n<meta property=\"og:type\" content=\"article\" \/>\n<meta property=\"og:title\" content=\"\u00c9changez avec nos experts en s\u00e9curit\u00e9 \u00e0 propos de Cisco\u202fXDR-ty - Cisco Cloud Security\" \/>\n<meta property=\"og:url\" content=\"https:\/\/cloudsecurity.cisco.com\/fr-ca\/echangez-avec-nos-experts-en-securite-a-propos-de-cisco-xdr-ty\" \/>\n<meta property=\"og:site_name\" content=\"Cisco Cloud Security\" \/>\n<meta property=\"article:modified_time\" content=\"2023-06-09T21:23:32+00:00\" \/>\n<meta property=\"og:image\" content=\"https:\/\/cloudsecurity.cisco.com\/wp-content\/uploads\/2023\/06\/bofu-fr-xdr.jpg\" \/>\n<meta name=\"twitter:card\" content=\"summary_large_image\" \/>\n<script type=\"application\/ld+json\" class=\"yoast-schema-graph\">{\"@context\":\"https:\\\/\\\/schema.org\",\"@graph\":[{\"@type\":\"WebPage\",\"@id\":\"https:\\\/\\\/cloudsecurity.cisco.com\\\/fr-ca\\\/echangez-avec-nos-experts-en-securite-a-propos-de-cisco-xdr-ty\",\"url\":\"https:\\\/\\\/cloudsecurity.cisco.com\\\/fr-ca\\\/echangez-avec-nos-experts-en-securite-a-propos-de-cisco-xdr-ty\",\"name\":\"\u00c9changez avec nos experts en s\u00e9curit\u00e9 \u00e0 propos de Cisco\u202fXDR-ty - Cisco Cloud Security\",\"isPartOf\":{\"@id\":\"https:\\\/\\\/cloudsecurity.cisco.com\\\/fr-ca#website\"},\"primaryImageOfPage\":{\"@id\":\"https:\\\/\\\/cloudsecurity.cisco.com\\\/fr-ca\\\/echangez-avec-nos-experts-en-securite-a-propos-de-cisco-xdr-ty#primaryimage\"},\"image\":{\"@id\":\"https:\\\/\\\/cloudsecurity.cisco.com\\\/fr-ca\\\/echangez-avec-nos-experts-en-securite-a-propos-de-cisco-xdr-ty#primaryimage\"},\"thumbnailUrl\":\"https:\\\/\\\/cloudsecurity.cisco.com\\\/wp-content\\\/uploads\\\/2023\\\/06\\\/bofu-fr-xdr.jpg\",\"datePublished\":\"2023-06-09T19:05:16+00:00\",\"dateModified\":\"2023-06-09T21:23:32+00:00\",\"breadcrumb\":{\"@id\":\"https:\\\/\\\/cloudsecurity.cisco.com\\\/fr-ca\\\/echangez-avec-nos-experts-en-securite-a-propos-de-cisco-xdr-ty#breadcrumb\"},\"inLanguage\":\"fr-CA\",\"potentialAction\":[{\"@type\":\"ReadAction\",\"target\":[\"https:\\\/\\\/cloudsecurity.cisco.com\\\/fr-ca\\\/echangez-avec-nos-experts-en-securite-a-propos-de-cisco-xdr-ty\"]}]},{\"@type\":\"ImageObject\",\"inLanguage\":\"fr-CA\",\"@id\":\"https:\\\/\\\/cloudsecurity.cisco.com\\\/fr-ca\\\/echangez-avec-nos-experts-en-securite-a-propos-de-cisco-xdr-ty#primaryimage\",\"url\":\"https:\\\/\\\/cloudsecurity.cisco.com\\\/wp-content\\\/uploads\\\/2023\\\/06\\\/bofu-fr-xdr.jpg\",\"contentUrl\":\"https:\\\/\\\/cloudsecurity.cisco.com\\\/wp-content\\\/uploads\\\/2023\\\/06\\\/bofu-fr-xdr.jpg\"},{\"@type\":\"BreadcrumbList\",\"@id\":\"https:\\\/\\\/cloudsecurity.cisco.com\\\/fr-ca\\\/echangez-avec-nos-experts-en-securite-a-propos-de-cisco-xdr-ty#breadcrumb\",\"itemListElement\":[{\"@type\":\"ListItem\",\"position\":1,\"name\":\"Home\",\"item\":\"https:\\\/\\\/cloudsecurity.cisco.com\\\/fr-ca\"},{\"@type\":\"ListItem\",\"position\":2,\"name\":\"\u00c9changez avec nos experts en s\u00e9curit\u00e9 \u00e0 propos de Cisco\u202fXDR-ty\"}]},{\"@type\":\"WebSite\",\"@id\":\"https:\\\/\\\/cloudsecurity.cisco.com\\\/fr-ca#website\",\"url\":\"https:\\\/\\\/cloudsecurity.cisco.com\\\/fr-ca\",\"name\":\"Cisco Cloud Security\",\"description\":\"\",\"potentialAction\":[{\"@type\":\"SearchAction\",\"target\":{\"@type\":\"EntryPoint\",\"urlTemplate\":\"https:\\\/\\\/cloudsecurity.cisco.com\\\/fr-ca?s={search_term_string}\"},\"query-input\":{\"@type\":\"PropertyValueSpecification\",\"valueRequired\":true,\"valueName\":\"search_term_string\"}}],\"inLanguage\":\"fr-CA\"}]}<\/script>\n<!-- \/ Yoast SEO plugin. -->","yoast_head_json":{"title":"\u00c9changez avec nos experts en s\u00e9curit\u00e9 \u00e0 propos de Cisco\u202fXDR-ty - Cisco Cloud Security","robots":{"index":"noindex","follow":"follow","max-snippet":"max-snippet:-1","max-image-preview":"max-image-preview:large","max-video-preview":"max-video-preview:-1"},"og_locale":"fr_CA","og_type":"article","og_title":"\u00c9changez avec nos experts en s\u00e9curit\u00e9 \u00e0 propos de Cisco\u202fXDR-ty - Cisco Cloud Security","og_url":"https:\/\/cloudsecurity.cisco.com\/fr-ca\/echangez-avec-nos-experts-en-securite-a-propos-de-cisco-xdr-ty","og_site_name":"Cisco Cloud Security","article_modified_time":"2023-06-09T21:23:32+00:00","og_image":[{"url":"https:\/\/cloudsecurity.cisco.com\/wp-content\/uploads\/2023\/06\/bofu-fr-xdr.jpg","type":"","width":"","height":""}],"twitter_card":"summary_large_image","schema":{"@context":"https:\/\/schema.org","@graph":[{"@type":"WebPage","@id":"https:\/\/cloudsecurity.cisco.com\/fr-ca\/echangez-avec-nos-experts-en-securite-a-propos-de-cisco-xdr-ty","url":"https:\/\/cloudsecurity.cisco.com\/fr-ca\/echangez-avec-nos-experts-en-securite-a-propos-de-cisco-xdr-ty","name":"\u00c9changez avec nos experts en s\u00e9curit\u00e9 \u00e0 propos de Cisco\u202fXDR-ty - Cisco Cloud Security","isPartOf":{"@id":"https:\/\/cloudsecurity.cisco.com\/fr-ca#website"},"primaryImageOfPage":{"@id":"https:\/\/cloudsecurity.cisco.com\/fr-ca\/echangez-avec-nos-experts-en-securite-a-propos-de-cisco-xdr-ty#primaryimage"},"image":{"@id":"https:\/\/cloudsecurity.cisco.com\/fr-ca\/echangez-avec-nos-experts-en-securite-a-propos-de-cisco-xdr-ty#primaryimage"},"thumbnailUrl":"https:\/\/cloudsecurity.cisco.com\/wp-content\/uploads\/2023\/06\/bofu-fr-xdr.jpg","datePublished":"2023-06-09T19:05:16+00:00","dateModified":"2023-06-09T21:23:32+00:00","breadcrumb":{"@id":"https:\/\/cloudsecurity.cisco.com\/fr-ca\/echangez-avec-nos-experts-en-securite-a-propos-de-cisco-xdr-ty#breadcrumb"},"inLanguage":"fr-CA","potentialAction":[{"@type":"ReadAction","target":["https:\/\/cloudsecurity.cisco.com\/fr-ca\/echangez-avec-nos-experts-en-securite-a-propos-de-cisco-xdr-ty"]}]},{"@type":"ImageObject","inLanguage":"fr-CA","@id":"https:\/\/cloudsecurity.cisco.com\/fr-ca\/echangez-avec-nos-experts-en-securite-a-propos-de-cisco-xdr-ty#primaryimage","url":"https:\/\/cloudsecurity.cisco.com\/wp-content\/uploads\/2023\/06\/bofu-fr-xdr.jpg","contentUrl":"https:\/\/cloudsecurity.cisco.com\/wp-content\/uploads\/2023\/06\/bofu-fr-xdr.jpg"},{"@type":"BreadcrumbList","@id":"https:\/\/cloudsecurity.cisco.com\/fr-ca\/echangez-avec-nos-experts-en-securite-a-propos-de-cisco-xdr-ty#breadcrumb","itemListElement":[{"@type":"ListItem","position":1,"name":"Home","item":"https:\/\/cloudsecurity.cisco.com\/fr-ca"},{"@type":"ListItem","position":2,"name":"\u00c9changez avec nos experts en s\u00e9curit\u00e9 \u00e0 propos de Cisco\u202fXDR-ty"}]},{"@type":"WebSite","@id":"https:\/\/cloudsecurity.cisco.com\/fr-ca#website","url":"https:\/\/cloudsecurity.cisco.com\/fr-ca","name":"Cisco Cloud Security","description":"","potentialAction":[{"@type":"SearchAction","target":{"@type":"EntryPoint","urlTemplate":"https:\/\/cloudsecurity.cisco.com\/fr-ca?s={search_term_string}"},"query-input":{"@type":"PropertyValueSpecification","valueRequired":true,"valueName":"search_term_string"}}],"inLanguage":"fr-CA"}]}},"_links":{"self":[{"href":"https:\/\/cloudsecurity.cisco.com\/fr-ca\/wp-json\/wp\/v2\/pages\/4403","targetHints":{"allow":["GET"]}}],"collection":[{"href":"https:\/\/cloudsecurity.cisco.com\/fr-ca\/wp-json\/wp\/v2\/pages"}],"about":[{"href":"https:\/\/cloudsecurity.cisco.com\/fr-ca\/wp-json\/wp\/v2\/types\/page"}],"author":[{"embeddable":true,"href":"https:\/\/cloudsecurity.cisco.com\/fr-ca\/wp-json\/wp\/v2\/users\/3"}],"replies":[{"embeddable":true,"href":"https:\/\/cloudsecurity.cisco.com\/fr-ca\/wp-json\/wp\/v2\/comments?post=4403"}],"version-history":[{"count":0,"href":"https:\/\/cloudsecurity.cisco.com\/fr-ca\/wp-json\/wp\/v2\/pages\/4403\/revisions"}],"wp:attachment":[{"href":"https:\/\/cloudsecurity.cisco.com\/fr-ca\/wp-json\/wp\/v2\/media?parent=4403"}],"curies":[{"name":"wp","href":"https:\/\/api.w.org\/{rel}","templated":true}]}}