{"id":2403,"date":"2022-12-02T19:47:20","date_gmt":"2022-12-02T19:47:20","guid":{"rendered":"https:\/\/cloudsecurity.cisco.com\/?page_id=2403"},"modified":"2022-12-02T19:53:33","modified_gmt":"2022-12-02T19:53:33","slug":"security-outcome-report-volume-3-thank-you-page-spanish","status":"publish","type":"page","link":"https:\/\/cloudsecurity.cisco.com\/es-mx\/security-outcome-report-volume-3-thank-you-page-spanish","title":{"rendered":"Security outcome report volume 3-thank you page-Spanish"},"content":{"rendered":"\n<div style=\"height:60px\" aria-hidden=\"true\" class=\"wp-block-spacer\"><\/div>\n\n\n<div class=\"wp-block-image\">\n<figure class=\"aligncenter size-large\"><img loading=\"lazy\" decoding=\"async\" width=\"90\" height=\"91\" src=\"https:\/\/cloudsecurity.cisco.com\/wp-content\/uploads\/2021\/12\/thumbs-up.svg\" alt=\"Thumbs up icon\" class=\"wp-image-60\"\/><\/figure>\n<\/div>\n\n\n<h2 class=\"has-text-align-center wp-block-heading\"><strong>Gracias por su inter\u00e9s en el Security Outcomes Study, Volumen 3. <\/strong><\/h2>\n\n\n\n<h4 class=\"has-text-align-center wp-block-heading\">Recibir\u00e1 un correo electr\u00f3nico con el enlace para descargarlo.<\/h4>\n\n\n\n<div style=\"height:161px\" aria-hidden=\"true\" class=\"wp-block-spacer\"><\/div>\n","protected":false},"excerpt":{"rendered":"<p>Gracias por su inter\u00e9s en el Security Outcomes Study, Volumen 3. Recibir\u00e1 un correo electr\u00f3nico con el enlace para descargarlo.<\/p>\n","protected":false},"author":14,"featured_media":0,"parent":0,"menu_order":0,"comment_status":"closed","ping_status":"closed","template":"templates\/page-thankyou.php","meta":{"_acf_changed":false,"_genesis_hide_title":false,"_genesis_hide_breadcrumbs":false,"_genesis_hide_singular_image":false,"_genesis_hide_footer_widgets":false,"_genesis_custom_body_class":"","_genesis_custom_post_class":"","_genesis_layout":"","footnotes":""},"class_list":{"0":"post-2403","1":"page","2":"type-page","3":"status-publish","5":"entry"},"acf":[],"yoast_head":"<!-- This site is optimized with the Yoast SEO plugin v27.4 - https:\/\/yoast.com\/product\/yoast-seo-wordpress\/ -->\n<title>Thank you for registering - Cisco Cloud Security<\/title>\n<meta name=\"description\" content=\"Your form has been submitted.\" \/>\n<meta name=\"robots\" content=\"noindex, follow, max-snippet:-1, max-image-preview:large, max-video-preview:-1\" \/>\n<meta property=\"og:locale\" content=\"es_MX\" \/>\n<meta property=\"og:type\" content=\"article\" \/>\n<meta property=\"og:title\" content=\"Thank you for registering - Cisco Cloud Security\" \/>\n<meta property=\"og:description\" content=\"Your form has been submitted.\" \/>\n<meta property=\"og:url\" content=\"https:\/\/cloudsecurity.cisco.com\/es-mx\/security-outcome-report-volume-3-thank-you-page-spanish\" \/>\n<meta property=\"og:site_name\" content=\"Cisco Cloud Security\" \/>\n<meta property=\"article:modified_time\" content=\"2022-12-02T19:53:33+00:00\" \/>\n<meta property=\"og:image\" content=\"https:\/\/cloudsecurity.cisco.com\/wp-content\/uploads\/2021\/12\/thumbs-up.svg\" \/>\n<meta name=\"twitter:card\" content=\"summary_large_image\" \/>\n<script type=\"application\/ld+json\" class=\"yoast-schema-graph\">{\"@context\":\"https:\\\/\\\/schema.org\",\"@graph\":[{\"@type\":\"WebPage\",\"@id\":\"https:\\\/\\\/cloudsecurity.cisco.com\\\/es-mx\\\/security-outcome-report-volume-3-thank-you-page-spanish\",\"url\":\"https:\\\/\\\/cloudsecurity.cisco.com\\\/es-mx\\\/security-outcome-report-volume-3-thank-you-page-spanish\",\"name\":\"Thank you for registering - Cisco Cloud Security\",\"isPartOf\":{\"@id\":\"https:\\\/\\\/cloudsecurity.cisco.com\\\/es-mx#website\"},\"primaryImageOfPage\":{\"@id\":\"https:\\\/\\\/cloudsecurity.cisco.com\\\/es-mx\\\/security-outcome-report-volume-3-thank-you-page-spanish#primaryimage\"},\"image\":{\"@id\":\"https:\\\/\\\/cloudsecurity.cisco.com\\\/es-mx\\\/security-outcome-report-volume-3-thank-you-page-spanish#primaryimage\"},\"thumbnailUrl\":\"https:\\\/\\\/cloudsecurity.cisco.com\\\/wp-content\\\/uploads\\\/2021\\\/12\\\/thumbs-up.svg\",\"datePublished\":\"2022-12-02T19:47:20+00:00\",\"dateModified\":\"2022-12-02T19:53:33+00:00\",\"description\":\"Your form has been submitted.\",\"breadcrumb\":{\"@id\":\"https:\\\/\\\/cloudsecurity.cisco.com\\\/es-mx\\\/security-outcome-report-volume-3-thank-you-page-spanish#breadcrumb\"},\"inLanguage\":\"es-MX\",\"potentialAction\":[{\"@type\":\"ReadAction\",\"target\":[\"https:\\\/\\\/cloudsecurity.cisco.com\\\/es-mx\\\/security-outcome-report-volume-3-thank-you-page-spanish\"]}]},{\"@type\":\"ImageObject\",\"inLanguage\":\"es-MX\",\"@id\":\"https:\\\/\\\/cloudsecurity.cisco.com\\\/es-mx\\\/security-outcome-report-volume-3-thank-you-page-spanish#primaryimage\",\"url\":\"https:\\\/\\\/cloudsecurity.cisco.com\\\/wp-content\\\/uploads\\\/2021\\\/12\\\/thumbs-up.svg\",\"contentUrl\":\"https:\\\/\\\/cloudsecurity.cisco.com\\\/wp-content\\\/uploads\\\/2021\\\/12\\\/thumbs-up.svg\"},{\"@type\":\"BreadcrumbList\",\"@id\":\"https:\\\/\\\/cloudsecurity.cisco.com\\\/es-mx\\\/security-outcome-report-volume-3-thank-you-page-spanish#breadcrumb\",\"itemListElement\":[{\"@type\":\"ListItem\",\"position\":1,\"name\":\"Home\",\"item\":\"https:\\\/\\\/cloudsecurity.cisco.com\\\/es-mx\"},{\"@type\":\"ListItem\",\"position\":2,\"name\":\"Security outcome report volume 3-thank you page-Spanish\"}]},{\"@type\":\"WebSite\",\"@id\":\"https:\\\/\\\/cloudsecurity.cisco.com\\\/es-mx#website\",\"url\":\"https:\\\/\\\/cloudsecurity.cisco.com\\\/es-mx\",\"name\":\"Cisco Cloud Security\",\"description\":\"\",\"potentialAction\":[{\"@type\":\"SearchAction\",\"target\":{\"@type\":\"EntryPoint\",\"urlTemplate\":\"https:\\\/\\\/cloudsecurity.cisco.com\\\/es-mx?s={search_term_string}\"},\"query-input\":{\"@type\":\"PropertyValueSpecification\",\"valueRequired\":true,\"valueName\":\"search_term_string\"}}],\"inLanguage\":\"es-MX\"}]}<\/script>\n<!-- \/ Yoast SEO plugin. -->","yoast_head_json":{"title":"Thank you for registering - Cisco Cloud Security","description":"Your form has been submitted.","robots":{"index":"noindex","follow":"follow","max-snippet":"max-snippet:-1","max-image-preview":"max-image-preview:large","max-video-preview":"max-video-preview:-1"},"og_locale":"es_MX","og_type":"article","og_title":"Thank you for registering - Cisco Cloud Security","og_description":"Your form has been submitted.","og_url":"https:\/\/cloudsecurity.cisco.com\/es-mx\/security-outcome-report-volume-3-thank-you-page-spanish","og_site_name":"Cisco Cloud Security","article_modified_time":"2022-12-02T19:53:33+00:00","og_image":[{"url":"https:\/\/cloudsecurity.cisco.com\/wp-content\/uploads\/2021\/12\/thumbs-up.svg","type":"","width":"","height":""}],"twitter_card":"summary_large_image","schema":{"@context":"https:\/\/schema.org","@graph":[{"@type":"WebPage","@id":"https:\/\/cloudsecurity.cisco.com\/es-mx\/security-outcome-report-volume-3-thank-you-page-spanish","url":"https:\/\/cloudsecurity.cisco.com\/es-mx\/security-outcome-report-volume-3-thank-you-page-spanish","name":"Thank you for registering - Cisco Cloud Security","isPartOf":{"@id":"https:\/\/cloudsecurity.cisco.com\/es-mx#website"},"primaryImageOfPage":{"@id":"https:\/\/cloudsecurity.cisco.com\/es-mx\/security-outcome-report-volume-3-thank-you-page-spanish#primaryimage"},"image":{"@id":"https:\/\/cloudsecurity.cisco.com\/es-mx\/security-outcome-report-volume-3-thank-you-page-spanish#primaryimage"},"thumbnailUrl":"https:\/\/cloudsecurity.cisco.com\/wp-content\/uploads\/2021\/12\/thumbs-up.svg","datePublished":"2022-12-02T19:47:20+00:00","dateModified":"2022-12-02T19:53:33+00:00","description":"Your form has been submitted.","breadcrumb":{"@id":"https:\/\/cloudsecurity.cisco.com\/es-mx\/security-outcome-report-volume-3-thank-you-page-spanish#breadcrumb"},"inLanguage":"es-MX","potentialAction":[{"@type":"ReadAction","target":["https:\/\/cloudsecurity.cisco.com\/es-mx\/security-outcome-report-volume-3-thank-you-page-spanish"]}]},{"@type":"ImageObject","inLanguage":"es-MX","@id":"https:\/\/cloudsecurity.cisco.com\/es-mx\/security-outcome-report-volume-3-thank-you-page-spanish#primaryimage","url":"https:\/\/cloudsecurity.cisco.com\/wp-content\/uploads\/2021\/12\/thumbs-up.svg","contentUrl":"https:\/\/cloudsecurity.cisco.com\/wp-content\/uploads\/2021\/12\/thumbs-up.svg"},{"@type":"BreadcrumbList","@id":"https:\/\/cloudsecurity.cisco.com\/es-mx\/security-outcome-report-volume-3-thank-you-page-spanish#breadcrumb","itemListElement":[{"@type":"ListItem","position":1,"name":"Home","item":"https:\/\/cloudsecurity.cisco.com\/es-mx"},{"@type":"ListItem","position":2,"name":"Security outcome report volume 3-thank you page-Spanish"}]},{"@type":"WebSite","@id":"https:\/\/cloudsecurity.cisco.com\/es-mx#website","url":"https:\/\/cloudsecurity.cisco.com\/es-mx","name":"Cisco Cloud Security","description":"","potentialAction":[{"@type":"SearchAction","target":{"@type":"EntryPoint","urlTemplate":"https:\/\/cloudsecurity.cisco.com\/es-mx?s={search_term_string}"},"query-input":{"@type":"PropertyValueSpecification","valueRequired":true,"valueName":"search_term_string"}}],"inLanguage":"es-MX"}]}},"_links":{"self":[{"href":"https:\/\/cloudsecurity.cisco.com\/es-mx\/wp-json\/wp\/v2\/pages\/2403","targetHints":{"allow":["GET"]}}],"collection":[{"href":"https:\/\/cloudsecurity.cisco.com\/es-mx\/wp-json\/wp\/v2\/pages"}],"about":[{"href":"https:\/\/cloudsecurity.cisco.com\/es-mx\/wp-json\/wp\/v2\/types\/page"}],"author":[{"embeddable":true,"href":"https:\/\/cloudsecurity.cisco.com\/es-mx\/wp-json\/wp\/v2\/users\/14"}],"replies":[{"embeddable":true,"href":"https:\/\/cloudsecurity.cisco.com\/es-mx\/wp-json\/wp\/v2\/comments?post=2403"}],"version-history":[{"count":0,"href":"https:\/\/cloudsecurity.cisco.com\/es-mx\/wp-json\/wp\/v2\/pages\/2403\/revisions"}],"wp:attachment":[{"href":"https:\/\/cloudsecurity.cisco.com\/es-mx\/wp-json\/wp\/v2\/media?parent=2403"}],"curies":[{"name":"wp","href":"https:\/\/api.w.org\/{rel}","templated":true}]}}